{"id":2,"date":"2025-12-13T12:22:45","date_gmt":"2025-12-13T12:22:45","guid":{"rendered":"https:\/\/mabmetalurgica.com.ar\/?page_id=2"},"modified":"2025-12-15T22:54:39","modified_gmt":"2025-12-15T22:54:39","slug":"sample-page","status":"publish","type":"page","link":"https:\/\/mabmetalurgica.com.ar\/index.php\/sample-page\/","title":{"rendered":"Nosostros"},"content":{"rendered":"\n<p><\/p>\n\n\n\n<p><\/p>\n\n\n<style>.wp-block-kadence-advancedgallery .kb-gallery-type-masonry.kb-gallery-id-2_c1b71c-19{margin:-2px;}.kb-gallery-type-masonry.kb-gallery-id-2_c1b71c-19 .kadence-blocks-gallery-item{padding:2px;}.kb-gallery-id-2_c1b71c-19 .kadence-blocks-gallery-item .kb-gal-image-radius, .kb-gallery-id-2_c1b71c-19 .kb-slide-item .kb-gal-image-radius img{border-radius:0px 0px 0px 0px;;}<\/style><div class=\"kb-gallery-wrap-id-2_c1b71c-19 alignnone wp-block-kadence-advancedgallery\"><ul class=\"kb-gallery-ul kb-gallery-non-static kb-gallery-type-masonry kb-masonry-init kb-gallery-id-2_c1b71c-19 kb-gallery-caption-style-bottom-hover kb-gallery-filter-none\" data-image-filter=\"none\" data-item-selector=\".kadence-blocks-gallery-item\" data-lightbox-caption=\"true\" data-columns-xxl=\"3\" data-columns-xl=\"3\" data-columns-md=\"3\" data-columns-sm=\"2\" data-columns-xs=\"1\" data-columns-ss=\"1\"><li class=\"kadence-blocks-gallery-item\"><div class=\"kadence-blocks-gallery-item-inner\"><figure class=\"kb-gallery-figure kadence-blocks-gallery-item-hide-caption\"><div class=\"kb-gal-image-radius\" style=\"max-width:1600px;\"><div class=\"kb-gallery-image-contain kadence-blocks-gallery-intrinsic\" style=\"padding-bottom:36%;\"><img loading=\"lazy\" decoding=\"async\" src=\"https:\/\/mabmetalurgica.com.ar\/wp-content\/uploads\/2025\/12\/fabrica1.jpg\" width=\"1600\" height=\"580\" alt=\"\" data-full-image=\"https:\/\/mabmetalurgica.com.ar\/wp-content\/uploads\/2025\/12\/fabrica1.jpg\" data-light-image=\"https:\/\/mabmetalurgica.com.ar\/wp-content\/uploads\/2025\/12\/fabrica1.jpg\" data-id=\"82\" class=\"wp-image-82\"\/><\/div><\/div><\/figure><\/div><\/li><li class=\"kadence-blocks-gallery-item\"><div class=\"kadence-blocks-gallery-item-inner\"><figure class=\"kb-gallery-figure kadence-blocks-gallery-item-hide-caption\"><div class=\"kb-gal-image-radius\" style=\"max-width:1600px;\"><div class=\"kb-gallery-image-contain kadence-blocks-gallery-intrinsic\" style=\"padding-bottom:36%;\"><img loading=\"lazy\" decoding=\"async\" src=\"https:\/\/mabmetalurgica.com.ar\/wp-content\/uploads\/2025\/12\/imagen4.jpg\" width=\"1600\" height=\"580\" alt=\"\" data-full-image=\"https:\/\/mabmetalurgica.com.ar\/wp-content\/uploads\/2025\/12\/imagen4.jpg\" data-light-image=\"https:\/\/mabmetalurgica.com.ar\/wp-content\/uploads\/2025\/12\/imagen4.jpg\" data-id=\"40\" class=\"wp-image-40\"\/><\/div><\/div><\/figure><\/div><\/li><li class=\"kadence-blocks-gallery-item\"><div class=\"kadence-blocks-gallery-item-inner\"><figure class=\"kb-gallery-figure kadence-blocks-gallery-item-hide-caption\"><div class=\"kb-gal-image-radius\" style=\"max-width:1600px;\"><div class=\"kb-gallery-image-contain kadence-blocks-gallery-intrinsic\" style=\"padding-bottom:36%;\"><img loading=\"lazy\" decoding=\"async\" src=\"https:\/\/mabmetalurgica.com.ar\/wp-content\/uploads\/2025\/12\/imagen32.jpg\" width=\"1600\" height=\"580\" alt=\"\" data-full-image=\"https:\/\/mabmetalurgica.com.ar\/wp-content\/uploads\/2025\/12\/imagen32.jpg\" data-light-image=\"https:\/\/mabmetalurgica.com.ar\/wp-content\/uploads\/2025\/12\/imagen32.jpg\" data-id=\"149\" class=\"wp-image-149\"\/><\/div><\/div><\/figure><\/div><\/li><\/ul><\/div>\n\n\n<p><\/p>\n\n\n<style>.wp-block-kadence-column.kb-section-dir-horizontal > .kt-inside-inner-col > .kt-info-box2_3a660b-4d .kt-blocks-info-box-link-wrap{max-width:unset;}.kt-info-box2_3a660b-4d .kt-blocks-info-box-link-wrap{border-top:5px solid var(--global-palette7, #eeeeee);border-right:5px solid var(--global-palette7, #eeeeee);border-bottom:5px solid var(--global-palette7, #eeeeee);border-left:5px solid var(--global-palette7, #eeeeee);background:#ffffff;padding-top:var(--global-kb-spacing-xs, 1rem);padding-right:var(--global-kb-spacing-xs, 1rem);padding-bottom:var(--global-kb-spacing-xs, 1rem);padding-left:var(--global-kb-spacing-xs, 1rem);}.kt-info-box2_3a660b-4d .kadence-info-box-icon-container .kt-info-svg-icon, .kt-info-box2_3a660b-4d .kt-info-svg-icon-flip, .kt-info-box2_3a660b-4d .kt-blocks-info-box-number{font-size:50px;}.kt-info-box2_3a660b-4d .kt-blocks-info-box-media{border-radius:200px;overflow:hidden;border-top-width:0px;border-right-width:0px;border-bottom-width:0px;border-left-width:0px;padding-top:20px;padding-right:20px;padding-bottom:20px;padding-left:20px;margin-top:0px;margin-right:20px;margin-bottom:0px;margin-left:0px;}.kt-info-box2_3a660b-4d .kt-blocks-info-box-media .kadence-info-box-image-intrisic img{border-radius:200px;}.kt-info-box2_3a660b-4d .kt-infobox-textcontent h2.kt-blocks-info-box-title{padding-top:0px;padding-right:0px;padding-bottom:0px;padding-left:0px;margin-top:5px;margin-right:0px;margin-bottom:10px;margin-left:0px;}.kt-info-box2_3a660b-4d .kt-blocks-info-box-learnmore{background:transparent;border-width:0px 0px 0px 0px;padding-top:4px;padding-right:8px;padding-bottom:4px;padding-left:8px;margin-top:10px;margin-right:0px;margin-bottom:10px;margin-left:0px;}.kt-info-box2_3a660b-4d .kt-blocks-info-box-link-wrap{box-shadow:0px 0px 0px 0px rgba(0, 0, 0, 0);}.kt-info-box2_3a660b-4d .kt-blocks-info-box-link-wrap:hover{box-shadow:0px 0px 14px 0px rgba(0, 0, 0, 0.2);}@media all and (max-width: 1024px){.kt-info-box2_3a660b-4d .kt-blocks-info-box-link-wrap{border-top:5px solid var(--global-palette7, #eeeeee);border-right:5px solid var(--global-palette7, #eeeeee);border-bottom:5px solid var(--global-palette7, #eeeeee);border-left:5px solid var(--global-palette7, #eeeeee);box-shadow:0px 0px 0px 0px rgba(0, 0, 0, 0);}}@media all and (max-width: 1024px){.kt-info-box2_3a660b-4d .kt-blocks-info-box-link-wrap:hover{box-shadow:0px 0px 14px 0px rgba(0, 0, 0, 0.2);}}@media all and (max-width: 767px){.kt-info-box2_3a660b-4d .kt-blocks-info-box-link-wrap{border-top:5px solid var(--global-palette7, #eeeeee);border-right:5px solid var(--global-palette7, #eeeeee);border-bottom:5px solid var(--global-palette7, #eeeeee);border-left:5px solid var(--global-palette7, #eeeeee);box-shadow:0px 0px 0px 0px rgba(0, 0, 0, 0);}.kt-info-box2_3a660b-4d .kt-blocks-info-box-link-wrap:hover{box-shadow:0px 0px 14px 0px rgba(0, 0, 0, 0.2);}}<\/style>\n<div class=\"wp-block-kadence-infobox kt-info-box2_3a660b-4d\"><span class=\"kt-blocks-info-box-link-wrap info-box-link kt-blocks-info-box-media-align-left kt-info-halign-left\"><div class=\"kt-blocks-info-box-media-container\"><div class=\"kt-blocks-info-box-media kt-info-media-animate-none\"><div class=\"kadence-info-box-icon-container kt-info-icon-animate-none\"><div class=\"kadence-info-box-icon-inner-container\"><span class=\"kb-svg-icon-wrap kb-svg-icon-fe_users kt-info-svg-icon\"><svg viewBox=\"0 0 24 24\"  fill=\"none\" stroke=\"currentColor\" stroke-width=\"2\" stroke-linecap=\"round\" stroke-linejoin=\"round\" xmlns=\"http:\/\/www.w3.org\/2000\/svg\"  aria-hidden=\"true\"><path d=\"M17 21v-2a4 4 0 0 0-4-4H5a4 4 0 0 0-4 4v2\"\/><circle cx=\"9\" cy=\"7\" r=\"4\"\/><path d=\"M23 21v-2a4 4 0 0 0-3-3.87\"\/><path d=\"M16 3.13a4 4 0 0 1 0 7.75\"\/><\/svg><\/span><\/div><\/div><\/div><\/div><div class=\"kt-infobox-textcontent\"><h2 class=\"kt-blocks-info-box-title\">Nosotros<\/h2><p class=\"kt-blocks-info-box-text\"><strong><em>MAB ENGRANAJES<\/em><\/strong>\u00a0es una empresa con vasta experiencia en el rubro metal\u00fargico en la ciudad de San Francisco y la regi\u00f3n. Nos especializamos en la fabricaci\u00f3n y reparaci\u00f3n de reductores, rotores y acoples para embolsadoras de forrajes contando con una amplia variedad de repuestos para reductores de marcas Italianas y los de nuestra propia fabricaci\u00f3n. Adem\u00e1s contamos con la experiencia para fabricar y reparar cualquier tipo de repuesto para m\u00e1quinas agr\u00edcolas. Tambi\u00e9n nos dedicamos a la construcci\u00f3n y reparaci\u00f3n de piezas especiales a pedido del cliente brind\u00e1ndoles asesoramiento t\u00e9cnico y nuestros servicios principalmente a empresas agr\u00edcolas-ganaderas, alimenticias, metalmec\u00e1nicas, molineras, imprentas y papeleras, de la construcci\u00f3n, agroindustriales y autopartistas. En nuestra empresa creemos que la eficiencia, honestidad y buen trato para nuestros clientes son las premisas que nos mantienen a trav\u00e9s de tantos a\u00f1os en el mercado.<\/p><\/div><\/span><\/div>\n\n\n\n<p><\/p>\n\n\n<style>.wp-block-kadence-column.kb-section-dir-horizontal > .kt-inside-inner-col > .kt-info-box2_73180a-64 .kt-blocks-info-box-link-wrap{max-width:unset;}.kt-info-box2_73180a-64 .kt-blocks-info-box-link-wrap{border-top:5px solid var(--global-palette7, #eeeeee);border-right:5px solid var(--global-palette7, #eeeeee);border-bottom:5px solid var(--global-palette7, #eeeeee);border-left:5px solid var(--global-palette7, #eeeeee);background:#ffffff;padding-top:var(--global-kb-spacing-xs, 1rem);padding-right:var(--global-kb-spacing-xs, 1rem);padding-bottom:var(--global-kb-spacing-xs, 1rem);padding-left:var(--global-kb-spacing-xs, 1rem);}.kt-info-box2_73180a-64 .kadence-info-box-icon-container .kt-info-svg-icon, .kt-info-box2_73180a-64 .kt-info-svg-icon-flip, .kt-info-box2_73180a-64 .kt-blocks-info-box-number{font-size:50px;}.kt-info-box2_73180a-64 .kt-blocks-info-box-media{border-radius:200px;overflow:hidden;border-top-width:0px;border-right-width:0px;border-bottom-width:0px;border-left-width:0px;padding-top:20px;padding-right:20px;padding-bottom:20px;padding-left:20px;margin-top:0px;margin-right:20px;margin-bottom:0px;margin-left:0px;}.kt-info-box2_73180a-64 .kt-blocks-info-box-media .kadence-info-box-image-intrisic img{border-radius:200px;}.kt-info-box2_73180a-64 .kt-infobox-textcontent h2.kt-blocks-info-box-title{padding-top:0px;padding-right:0px;padding-bottom:0px;padding-left:0px;margin-top:5px;margin-right:0px;margin-bottom:10px;margin-left:0px;}.kt-info-box2_73180a-64 .kt-blocks-info-box-learnmore{background:transparent;border-width:0px 0px 0px 0px;padding-top:4px;padding-right:8px;padding-bottom:4px;padding-left:8px;margin-top:10px;margin-right:0px;margin-bottom:10px;margin-left:0px;}.kt-info-box2_73180a-64 .kt-blocks-info-box-link-wrap{box-shadow:0px 0px 0px 0px rgba(0, 0, 0, 0);}.kt-info-box2_73180a-64 .kt-blocks-info-box-link-wrap:hover{box-shadow:0px 0px 14px 0px rgba(0, 0, 0, 0.2);}@media all and (max-width: 1024px){.kt-info-box2_73180a-64 .kt-blocks-info-box-link-wrap{border-top:5px solid var(--global-palette7, #eeeeee);border-right:5px solid var(--global-palette7, #eeeeee);border-bottom:5px solid var(--global-palette7, #eeeeee);border-left:5px solid var(--global-palette7, #eeeeee);box-shadow:0px 0px 0px 0px rgba(0, 0, 0, 0);}}@media all and (max-width: 1024px){.kt-info-box2_73180a-64 .kt-blocks-info-box-link-wrap:hover{box-shadow:0px 0px 14px 0px rgba(0, 0, 0, 0.2);}}@media all and (max-width: 767px){.kt-info-box2_73180a-64 .kt-blocks-info-box-link-wrap{border-top:5px solid var(--global-palette7, #eeeeee);border-right:5px solid var(--global-palette7, #eeeeee);border-bottom:5px solid var(--global-palette7, #eeeeee);border-left:5px solid var(--global-palette7, #eeeeee);box-shadow:0px 0px 0px 0px rgba(0, 0, 0, 0);}.kt-info-box2_73180a-64 .kt-blocks-info-box-link-wrap:hover{box-shadow:0px 0px 14px 0px rgba(0, 0, 0, 0.2);}}<\/style>\n<div class=\"wp-block-kadence-infobox kt-info-box2_73180a-64\"><span class=\"kt-blocks-info-box-link-wrap info-box-link kt-blocks-info-box-media-align-left kt-info-halign-left\"><div class=\"kt-blocks-info-box-media-container\"><div class=\"kt-blocks-info-box-media kt-info-media-animate-none\"><div class=\"kadence-info-box-icon-container kt-info-icon-animate-none\"><div class=\"kadence-info-box-icon-inner-container\"><span class=\"kb-svg-icon-wrap kb-svg-icon-fas_hands-helping kt-info-svg-icon\"><svg viewBox=\"0 0 640 512\"  fill=\"currentColor\" xmlns=\"http:\/\/www.w3.org\/2000\/svg\"  aria-hidden=\"true\"><path d=\"M488 192H336v56c0 39.7-32.3 72-72 72s-72-32.3-72-72V126.4l-64.9 39C107.8 176.9 96 197.8 96 220.2v47.3l-80 46.2C.7 322.5-4.6 342.1 4.3 357.4l80 138.6c8.8 15.3 28.4 20.5 43.7 11.7L231.4 448H368c35.3 0 64-28.7 64-64h16c17.7 0 32-14.3 32-32v-64h8c13.3 0 24-10.7 24-24v-48c0-13.3-10.7-24-24-24zm147.7-37.4L555.7 16C546.9.7 527.3-4.5 512 4.3L408.6 64H306.4c-12 0-23.7 3.4-33.9 9.7L239 94.6c-9.4 5.8-15 16.1-15 27.1V248c0 22.1 17.9 40 40 40s40-17.9 40-40v-88h184c30.9 0 56 25.1 56 56v28.5l80-46.2c15.3-8.9 20.5-28.4 11.7-43.7z\"\/><\/svg><\/span><\/div><\/div><\/div><\/div><div class=\"kt-infobox-textcontent\"><h2 class=\"kt-blocks-info-box-title\">Nuestro equipo<\/h2><p class=\"kt-blocks-info-box-text\">Contamos con un equipo altamente capacitado que acompa\u00f1a el desarrollo de cada producto desde su concepci\u00f3n hasta la etapa final. Dise\u00f1amos cada pieza con precisi\u00f3n y brindamos soluciones metal\u00fargicas integrales, trabajando junto a grandes empresas del sector como\u00a0<strong>Manfrey, Akron, Axion, Maizco, Allochis<\/strong>\u00a0entre otros.<\/p><\/div><\/span><\/div>\n\n\n\n<p><\/p>\n\n\n<style>.wp-block-kadence-column.kb-section-dir-horizontal > .kt-inside-inner-col > .kt-info-box2_799f12-a8 .kt-blocks-info-box-link-wrap{max-width:unset;}.kt-info-box2_799f12-a8 .kt-blocks-info-box-link-wrap{border-top:5px solid var(--global-palette7, #eeeeee);border-right:5px solid var(--global-palette7, #eeeeee);border-bottom:5px solid var(--global-palette7, #eeeeee);border-left:5px solid var(--global-palette7, #eeeeee);background:#ffffff;padding-top:var(--global-kb-spacing-xs, 1rem);padding-right:var(--global-kb-spacing-xs, 1rem);padding-bottom:var(--global-kb-spacing-xs, 1rem);padding-left:var(--global-kb-spacing-xs, 1rem);}.kt-info-box2_799f12-a8 .kadence-info-box-icon-container .kt-info-svg-icon, .kt-info-box2_799f12-a8 .kt-info-svg-icon-flip, .kt-info-box2_799f12-a8 .kt-blocks-info-box-number{font-size:50px;}.kt-info-box2_799f12-a8 .kt-blocks-info-box-media{border-radius:200px;overflow:hidden;border-top-width:0px;border-right-width:0px;border-bottom-width:0px;border-left-width:0px;padding-top:20px;padding-right:20px;padding-bottom:20px;padding-left:20px;margin-top:0px;margin-right:20px;margin-bottom:0px;margin-left:0px;}.kt-info-box2_799f12-a8 .kt-blocks-info-box-media .kadence-info-box-image-intrisic img{border-radius:200px;}.kt-info-box2_799f12-a8 .kt-infobox-textcontent h2.kt-blocks-info-box-title{padding-top:0px;padding-right:0px;padding-bottom:0px;padding-left:0px;margin-top:5px;margin-right:0px;margin-bottom:10px;margin-left:0px;}.kt-info-box2_799f12-a8 .kt-blocks-info-box-learnmore{background:transparent;border-width:0px 0px 0px 0px;padding-top:4px;padding-right:8px;padding-bottom:4px;padding-left:8px;margin-top:10px;margin-right:0px;margin-bottom:10px;margin-left:0px;}.kt-info-box2_799f12-a8 .kt-blocks-info-box-link-wrap{box-shadow:0px 0px 0px 0px rgba(0, 0, 0, 0);}.kt-info-box2_799f12-a8 .kt-blocks-info-box-link-wrap:hover{box-shadow:0px 0px 14px 0px rgba(0, 0, 0, 0.2);}@media all and (max-width: 1024px){.kt-info-box2_799f12-a8 .kt-blocks-info-box-link-wrap{border-top:5px solid var(--global-palette7, #eeeeee);border-right:5px solid var(--global-palette7, #eeeeee);border-bottom:5px solid var(--global-palette7, #eeeeee);border-left:5px solid var(--global-palette7, #eeeeee);box-shadow:0px 0px 0px 0px rgba(0, 0, 0, 0);}}@media all and (max-width: 1024px){.kt-info-box2_799f12-a8 .kt-blocks-info-box-link-wrap:hover{box-shadow:0px 0px 14px 0px rgba(0, 0, 0, 0.2);}}@media all and (max-width: 767px){.kt-info-box2_799f12-a8 .kt-blocks-info-box-link-wrap{border-top:5px solid var(--global-palette7, #eeeeee);border-right:5px solid var(--global-palette7, #eeeeee);border-bottom:5px solid var(--global-palette7, #eeeeee);border-left:5px solid var(--global-palette7, #eeeeee);box-shadow:0px 0px 0px 0px rgba(0, 0, 0, 0);}.kt-info-box2_799f12-a8 .kt-blocks-info-box-link-wrap:hover{box-shadow:0px 0px 14px 0px rgba(0, 0, 0, 0.2);}}<\/style>\n<div class=\"wp-block-kadence-infobox kt-info-box2_799f12-a8\"><span class=\"kt-blocks-info-box-link-wrap info-box-link kt-blocks-info-box-media-align-left kt-info-halign-left\"><div class=\"kt-blocks-info-box-media-container\"><div class=\"kt-blocks-info-box-media kt-info-media-animate-none\"><div class=\"kadence-info-box-icon-container kt-info-icon-animate-none\"><div class=\"kadence-info-box-icon-inner-container\"><span class=\"kb-svg-icon-wrap kb-svg-icon-fe_cpu kt-info-svg-icon\"><svg viewBox=\"0 0 24 24\"  fill=\"none\" stroke=\"currentColor\" stroke-width=\"2\" stroke-linecap=\"round\" stroke-linejoin=\"round\" xmlns=\"http:\/\/www.w3.org\/2000\/svg\"  aria-hidden=\"true\"><rect x=\"4\" y=\"4\" width=\"16\" height=\"16\" rx=\"2\" ry=\"2\"\/><rect x=\"9\" y=\"9\" width=\"6\" height=\"6\"\/><line x1=\"9\" y1=\"1\" x2=\"9\" y2=\"4\"\/><line x1=\"15\" y1=\"1\" x2=\"15\" y2=\"4\"\/><line x1=\"9\" y1=\"20\" x2=\"9\" y2=\"23\"\/><line x1=\"15\" y1=\"20\" x2=\"15\" y2=\"23\"\/><line x1=\"20\" y1=\"9\" x2=\"23\" y2=\"9\"\/><line x1=\"20\" y1=\"14\" x2=\"23\" y2=\"14\"\/><line x1=\"1\" y1=\"9\" x2=\"4\" y2=\"9\"\/><line x1=\"1\" y1=\"14\" x2=\"4\" y2=\"14\"\/><\/svg><\/span><\/div><\/div><\/div><\/div><div class=\"kt-infobox-textcontent\"><h2 class=\"kt-blocks-info-box-title\">Nuestras M\u00e1quinas<\/h2><p class=\"kt-blocks-info-box-text\">Contamos con un parque de maquinaria de \u00faltima generaci\u00f3n que nos permite afrontar proyectos de gran precisi\u00f3n y complejidad. Disponemos de\u00a0<strong>CNC, tornos, centros mecanizados, talladoras de engranajes rectos y helicoidales, brochadora, rectificadoras<\/strong>\u00a0entre otros equipos, lo que nos brinda un abanico de posibilidades para realizar\u00a0<strong>trabajos especiales<\/strong>\u00a0seg\u00fan las necesidades de nuestros clientes.<\/p><\/div><\/span><\/div>\n\n\n\n<p><\/p>\n\n\n<style>.wp-block-kadence-spacer.kt-block-spacer-2_99d588-f5 .kt-block-spacer{height:60px;}.wp-block-kadence-spacer.kt-block-spacer-2_99d588-f5 .kt-divider{border-top-width:1px;height:1px;border-top-color:#eee;width:80%;border-top-style:solid;}<\/style>\n<div class=\"wp-block-kadence-spacer aligncenter kt-block-spacer-2_99d588-f5\"><div class=\"kt-block-spacer kt-block-spacer-halign-center\"><hr class=\"kt-divider\"\/><\/div><\/div>\n\n\n\n<p><\/p>\n","protected":false},"excerpt":{"rendered":"","protected":false},"author":1,"featured_media":0,"parent":0,"menu_order":0,"comment_status":"closed","ping_status":"open","template":"","meta":{"_uag_custom_page_level_css":"","neve_meta_sidebar":"","neve_meta_container":"","neve_meta_enable_content_width":"on","neve_meta_content_width":93,"neve_meta_title_alignment":"","neve_meta_author_avatar":"","neve_post_elements_order":"","neve_meta_disable_header":"off","neve_meta_disable_footer":"off","neve_meta_disable_title":"on","footnotes":""},"class_list":["post-2","page","type-page","status-publish","hentry"],"uagb_featured_image_src":{"full":false,"thumbnail":false,"medium":false,"medium_large":false,"large":false,"1536x1536":false,"2048x2048":false,"neve-blog":false},"uagb_author_info":{"display_name":"admin","author_link":"https:\/\/mabmetalurgica.com.ar\/index.php\/author\/administrador\/"},"uagb_comment_info":0,"uagb_excerpt":null,"_links":{"self":[{"href":"https:\/\/mabmetalurgica.com.ar\/index.php\/wp-json\/wp\/v2\/pages\/2","targetHints":{"allow":["GET"]}}],"collection":[{"href":"https:\/\/mabmetalurgica.com.ar\/index.php\/wp-json\/wp\/v2\/pages"}],"about":[{"href":"https:\/\/mabmetalurgica.com.ar\/index.php\/wp-json\/wp\/v2\/types\/page"}],"author":[{"embeddable":true,"href":"https:\/\/mabmetalurgica.com.ar\/index.php\/wp-json\/wp\/v2\/users\/1"}],"replies":[{"embeddable":true,"href":"https:\/\/mabmetalurgica.com.ar\/index.php\/wp-json\/wp\/v2\/comments?post=2"}],"version-history":[{"count":12,"href":"https:\/\/mabmetalurgica.com.ar\/index.php\/wp-json\/wp\/v2\/pages\/2\/revisions"}],"predecessor-version":[{"id":197,"href":"https:\/\/mabmetalurgica.com.ar\/index.php\/wp-json\/wp\/v2\/pages\/2\/revisions\/197"}],"wp:attachment":[{"href":"https:\/\/mabmetalurgica.com.ar\/index.php\/wp-json\/wp\/v2\/media?parent=2"}],"curies":[{"name":"wp","href":"https:\/\/api.w.org\/{rel}","templated":true}]}}