{"id":234,"date":"2025-12-16T12:52:43","date_gmt":"2025-12-16T12:52:43","guid":{"rendered":"https:\/\/mabmetalurgica.com.ar\/?page_id=234"},"modified":"2025-12-16T12:55:59","modified_gmt":"2025-12-16T12:55:59","slug":"aceite-certop","status":"publish","type":"page","link":"https:\/\/mabmetalurgica.com.ar\/index.php\/aceite-certop\/","title":{"rendered":"Aceite Certop"},"content":{"rendered":"<style>.wp-block-kadence-column.kb-section-dir-horizontal > .kt-inside-inner-col > .kt-info-box234_cda785-f2 .kt-blocks-info-box-link-wrap{max-width:unset;}.kt-info-box234_cda785-f2 .kt-blocks-info-box-link-wrap{padding-top:var(--global-kb-spacing-xs, 1rem);padding-right:var(--global-kb-spacing-xs, 1rem);padding-bottom:var(--global-kb-spacing-xs, 1rem);padding-left:var(--global-kb-spacing-xs, 1rem);}.kt-info-box234_cda785-f2.wp-block-kadence-infobox{max-width:100%;}.kt-info-box234_cda785-f2 .kadence-info-box-image-inner-intrisic-container{max-width:539px;}.kt-info-box234_cda785-f2 .kadence-info-box-image-inner-intrisic-container .kadence-info-box-image-intrisic{padding-bottom:105.9369%;width:539px;height:0px;max-width:100%;}.kt-info-box234_cda785-f2 .kadence-info-box-icon-container .kt-info-svg-icon, .kt-info-box234_cda785-f2 .kt-info-svg-icon-flip, .kt-info-box234_cda785-f2 .kt-blocks-info-box-number{font-size:50px;}.kt-info-box234_cda785-f2 .kt-blocks-info-box-media{border-top-width:0px;border-right-width:0px;border-bottom-width:0px;border-left-width:0px;padding-top:10px;padding-right:10px;padding-bottom:10px;padding-left:10px;}.kt-info-box234_cda785-f2 .kt-blocks-info-box-media-container{margin-top:0px;margin-right:15px;margin-bottom:0px;margin-left:15px;}.kt-info-box234_cda785-f2 .kt-blocks-info-box-learnmore{background:transparent;border-width:0px 0px 0px 0px;padding-top:4px;padding-right:8px;padding-bottom:4px;padding-left:8px;margin-top:10px;margin-right:0px;margin-bottom:10px;margin-left:0px;}<\/style>\n<div class=\"wp-block-kadence-infobox kt-info-box234_cda785-f2\"><span class=\"kt-blocks-info-box-link-wrap info-box-link kt-blocks-info-box-media-align-top kt-info-halign-center\"><div class=\"kt-blocks-info-box-media-container\"><div class=\"kt-blocks-info-box-media kt-info-media-animate-none\"><div class=\"kadence-info-box-image-inner-intrisic-container\"><div class=\"kadence-info-box-image-intrisic kt-info-animate-none\"><div class=\"kadence-info-box-image-inner-intrisic\"><img loading=\"lazy\" decoding=\"async\" src=\"https:\/\/mabmetalurgica.com.ar\/wp-content\/uploads\/2025\/12\/aceote.png\" alt=\"\" width=\"539\" height=\"571\" class=\"kt-info-box-image wp-image-235\"\/><\/div><\/div><\/div><\/div><\/div><div class=\"kt-infobox-textcontent\"><h2 class=\"kt-blocks-info-box-title\">Aceite Premium Certop 80w90 <\/h2><p class=\"kt-blocks-info-box-text\"><strong><em>Para nuestros reductores recomendamos aceite premium Certop 80w90, brindando mejor lubricaci\u00f3n, menor temperatura y mayor durabilidad.<\/em><\/strong><br><br>Dura hasta 4 veces m\u00e1s que los aceites convencionales.<br>Amplio rango de temperatura de hasta 160\u00baC y fluye hasta -34\u00baC.<br>Elimina el desgaste por arranque en seco.<br>Previene fugas en los sellos.<br>Previene \u00f3xido y corrosi\u00f3n del equipo.<br>Desplaza el agua para un f\u00e1cil drenado.<br>Controla la formaci\u00f3n de espuma.<br>Reduce la temperatura de operaci\u00f3n y resiste la oxidaci\u00f3n para prolongar la vida \u00fatil del aceite.<br>Aplicaciones: Diferenciales, transmisiones manuales simples, levas, divisores de poder, trenes de engranajes, engranajes de bronce (hasta 93.3\u00b0C), engranajes cubiertos de tipo espuela, hipoidales, espirales c\u00f3nicas, de gusano, espina de pescado, helicoidales y combinaciones inusuales de tipos de engranajes. Puede ser agregado como aceite de reposici\u00f3n a otros aceites de engranajes de base parafina GL-5.<br><\/p><\/div><\/span><\/div>\n\n\n\n<p><\/p>\n\n\n<style>.wp-block-kadence-advancedbtn.kb-btns234_fd2605-73{gap:var(--global-kb-gap-xs, 0.5rem );justify-content:center;align-items:center;}.kt-btns234_fd2605-73 .kt-button{font-weight:normal;font-style:normal;}.kt-btns234_fd2605-73 .kt-btn-wrap-0{margin-right:5px;}.wp-block-kadence-advancedbtn.kt-btns234_fd2605-73 .kt-btn-wrap-0 .kt-button{color:#555555;border-color:#555555;}.wp-block-kadence-advancedbtn.kt-btns234_fd2605-73 .kt-btn-wrap-0 .kt-button:hover, .wp-block-kadence-advancedbtn.kt-btns234_fd2605-73 .kt-btn-wrap-0 .kt-button:focus{color:#ffffff;border-color:#444444;}.wp-block-kadence-advancedbtn.kt-btns234_fd2605-73 .kt-btn-wrap-0 .kt-button::before{display:none;}.wp-block-kadence-advancedbtn.kt-btns234_fd2605-73 .kt-btn-wrap-0 .kt-button:hover, .wp-block-kadence-advancedbtn.kt-btns234_fd2605-73 .kt-btn-wrap-0 .kt-button:focus{background:#444444;}<\/style>\n<div class=\"wp-block-kadence-advancedbtn kb-buttons-wrap kb-btns234_fd2605-73\"><style>ul.menu .wp-block-kadence-advancedbtn .kb-btn234_07bcec-2e.kb-button{width:initial;}.wp-block-kadence-advancedbtn .kb-btn234_07bcec-2e.kb-button{color:var(--nv-site-bg);background:#00ff32;}<\/style><span class=\"kb-button kt-button button kb-btn234_07bcec-2e kt-btn-size-standard kt-btn-width-type-auto kb-btn-global-fill  kt-btn-has-text-true kt-btn-has-svg-false  wp-block-kadence-singlebtn\"><span class=\"kt-btn-inner-text\">COMPRAR<\/span><\/span><\/div>\n\n\n\n<p><\/p>\n","protected":false},"excerpt":{"rendered":"","protected":false},"author":1,"featured_media":0,"parent":0,"menu_order":0,"comment_status":"closed","ping_status":"closed","template":"","meta":{"_uag_custom_page_level_css":"","neve_meta_sidebar":"","neve_meta_container":"","neve_meta_enable_content_width":"","neve_meta_content_width":0,"neve_meta_title_alignment":"","neve_meta_author_avatar":"","neve_post_elements_order":"","neve_meta_disable_header":"","neve_meta_disable_footer":"","neve_meta_disable_title":"on","footnotes":""},"class_list":["post-234","page","type-page","status-publish","hentry"],"uagb_featured_image_src":{"full":false,"thumbnail":false,"medium":false,"medium_large":false,"large":false,"1536x1536":false,"2048x2048":false,"neve-blog":false},"uagb_author_info":{"display_name":"admin","author_link":"https:\/\/mabmetalurgica.com.ar\/index.php\/author\/administrador\/"},"uagb_comment_info":0,"uagb_excerpt":null,"_links":{"self":[{"href":"https:\/\/mabmetalurgica.com.ar\/index.php\/wp-json\/wp\/v2\/pages\/234","targetHints":{"allow":["GET"]}}],"collection":[{"href":"https:\/\/mabmetalurgica.com.ar\/index.php\/wp-json\/wp\/v2\/pages"}],"about":[{"href":"https:\/\/mabmetalurgica.com.ar\/index.php\/wp-json\/wp\/v2\/types\/page"}],"author":[{"embeddable":true,"href":"https:\/\/mabmetalurgica.com.ar\/index.php\/wp-json\/wp\/v2\/users\/1"}],"replies":[{"embeddable":true,"href":"https:\/\/mabmetalurgica.com.ar\/index.php\/wp-json\/wp\/v2\/comments?post=234"}],"version-history":[{"count":1,"href":"https:\/\/mabmetalurgica.com.ar\/index.php\/wp-json\/wp\/v2\/pages\/234\/revisions"}],"predecessor-version":[{"id":236,"href":"https:\/\/mabmetalurgica.com.ar\/index.php\/wp-json\/wp\/v2\/pages\/234\/revisions\/236"}],"wp:attachment":[{"href":"https:\/\/mabmetalurgica.com.ar\/index.php\/wp-json\/wp\/v2\/media?parent=234"}],"curies":[{"name":"wp","href":"https:\/\/api.w.org\/{rel}","templated":true}]}}